{"id":1522,"date":"2018-03-15T14:01:52","date_gmt":"2018-03-15T13:01:52","guid":{"rendered":"http:\/\/www.sustainablesweden.org\/?page_id=1522"},"modified":"2023-05-23T16:31:39","modified_gmt":"2023-05-23T14:31:39","slug":"documents-telechargements","status":"publish","type":"page","link":"https:\/\/www.sustainablesweden.org\/?page_id=1522&lang=fr","title":{"rendered":"Publications"},"content":{"rendered":"<h2>The Natural Step<\/h2>\n<h3>\nConseil de lecture : The Natural Step for Communities par Sarah James<br \/>\net Torbj\u00f6rn Lahti. &#8211; [juin 2005]<\/h3>\n<p>Ce livre n&#8217;aurait pas \u00e9t\u00e9 \u00e9crit si un Sustainable Sweden Tours n&#8217;avait pas r\u00e9uni ses auteurs. Il pr\u00e9sente des exp\u00e9riences et des informations sur les efforts de la Su\u00e8de en mati\u00e8re de durabilit\u00e9 dans diff\u00e9rentes communaut\u00e9s. Il comprend des \u00e9tudes de cas en Su\u00e8de ainsi que des \u00c9tats-Unis.<\/p>\n<p>Pour plus d&#8217;informations et pour commander, cliquez <a href=\"https:\/\/www.amazon.com\/Natural-%20Step-Communities-Sustainable-Practices\/dp\/0865714916\" target=\"_blank\" rel=\"noopener\">ici<\/a>.<\/p>\n<p>Lire quelques r\u00e9actions sur le livre et la campagne de 2004 :<\/p>\n<p><a href=\"https:\/\/web.archive.org\/web\/20081010124022\/http:\/\/www.post-gazette.com\/pg\/04136\/316914.stm\" target=\"_blank\" rel=\"noopener\">Pittsburgh Post-Gazette<\/a><\/p>\n","protected":false},"excerpt":{"rendered":"<p>The Natural Step Conseil de lecture : The Natural Step for Communities par Sarah James et Torbj\u00f6rn Lahti. &#8211; [juin 2005] Ce livre n&#8217;aurait pas \u00e9t\u00e9 \u00e9crit si un Sustainable Sweden Tours n&#8217;avait pas r\u00e9uni ses auteurs. Il pr\u00e9sente des exp\u00e9riences et des informations sur les efforts de la Su\u00e8de en mati\u00e8re de durabilit\u00e9 dans [&hellip;]<\/p>\n","protected":false},"author":4,"featured_media":0,"parent":0,"menu_order":0,"comment_status":"closed","ping_status":"closed","template":"","meta":{"_et_pb_use_builder":"","_et_pb_old_content":"","_et_gb_content_width":"","footnotes":""},"_links":{"self":[{"href":"https:\/\/www.sustainablesweden.org\/index.php?rest_route=\/wp\/v2\/pages\/1522"}],"collection":[{"href":"https:\/\/www.sustainablesweden.org\/index.php?rest_route=\/wp\/v2\/pages"}],"about":[{"href":"https:\/\/www.sustainablesweden.org\/index.php?rest_route=\/wp\/v2\/types\/page"}],"author":[{"embeddable":true,"href":"https:\/\/www.sustainablesweden.org\/index.php?rest_route=\/wp\/v2\/users\/4"}],"replies":[{"embeddable":true,"href":"https:\/\/www.sustainablesweden.org\/index.php?rest_route=%2Fwp%2Fv2%2Fcomments&post=1522"}],"version-history":[{"count":4,"href":"https:\/\/www.sustainablesweden.org\/index.php?rest_route=\/wp\/v2\/pages\/1522\/revisions"}],"predecessor-version":[{"id":2782,"href":"https:\/\/www.sustainablesweden.org\/index.php?rest_route=\/wp\/v2\/pages\/1522\/revisions\/2782"}],"wp:attachment":[{"href":"https:\/\/www.sustainablesweden.org\/index.php?rest_route=%2Fwp%2Fv2%2Fmedia&parent=1522"}],"curies":[{"name":"wp","href":"https:\/\/api.w.org\/{rel}","templated":true}]}}