{"id":2769,"date":"2023-05-21T13:15:51","date_gmt":"2023-05-21T11:15:51","guid":{"rendered":"https:\/\/www.sustainablesweden.org\/?page_id=2769"},"modified":"2023-05-21T13:15:53","modified_gmt":"2023-05-21T11:15:53","slug":"webinaires","status":"publish","type":"page","link":"https:\/\/www.sustainablesweden.org\/?page_id=2769&lang=fr","title":{"rendered":"Webinaires"},"content":{"rendered":"\n<p>Nos webinaires offrent la possibilit\u00e9 de :<\/p>\n<p>&#8211; de d\u00e9couvrir le concept d&#8217;\u00e9comunicipalit\u00e9, son histoire et les valeurs qui le sous-tendent<br \/>&#8211; d&#8217;entendre des exemples de cas d&#8217;\u00e9comunicipalit\u00e9s<br \/>&#8211; d&#8217;entrer en contact avec des coll\u00e8gues locaux, r\u00e9gionaux, nationaux et internationaux au sein d&#8217;une communaut\u00e9 d&#8217;apprentissage<br \/>&#8211; Des id\u00e9es et de l&#8217;inspiration sur la mani\u00e8re de lancer et de conduire des processus d&#8217;\u00e9comunicipalit\u00e9.<\/p>\n<p><strong>Prochains webinaires, dates \u00e0 confirmer :<\/strong><\/p>\n<ul>\n<li>Introduction aux \u00e9comunicipalit\u00e9s I : Le mod\u00e8le et l&#8217;histoire<\/li>\n<\/ul>\n<p>Dans ce webinaire, nous partageons le cadre de base de l&#8217;approche de l&#8217;\u00e9comunicipalit\u00e9 qui est bas\u00e9e \u00e0 la fois sur<br \/>sur la science physique de la nature et sur une vision holistique de la durabilit\u00e9 sociale. Les participants d\u00e9couvriront l&#8217;histoire de l&#8217;\u00e9volution des \u00e9comunicipalit\u00e9s en Su\u00e8de, depuis le premier projet dans le nord au d\u00e9but des ann\u00e9es 1980 jusqu&#8217;au r\u00e9seau national actuel de plus de 100 municipalit\u00e9s. Nous expliquerons \u00e9galement comment le mod\u00e8le soutient les approches r\u00e9g\u00e9n\u00e9ratives pour lutter contre le changement climatique. Le webinaire est organis\u00e9 par la premi\u00e8re \u00e9comunicipalit\u00e9 au monde -\u00d6vertorne\u00e5- dans l&#8217;extr\u00eame nord de la Su\u00e8de, et sert de base \u00e0 l&#8217;introduction \u00e0 l&#8217;\u00e9comunicipalit\u00e9.<br \/>de base pour le s\u00e9minaire Introduction aux \u00e9comunicipalit\u00e9s II : l&#8217;approche syst\u00e9mique.<\/p>\n<ul>\n<li>Introduction aux \u00e9comunicipalit\u00e9s II : L&#8217;approche syst\u00e9mique<\/li>\n<\/ul>\n<p>Ce webinaire, qui fait suite \u00e0 l&#8217;Intro I, offre une vue d&#8217;ensemble du cadre syst\u00e9mique qui sous-tend le mod\u00e8le des \u00e9comunicipalit\u00e9s.<br \/>le mod\u00e8le des \u00e9comunicipalit\u00e9s. Nous pr\u00e9senterons \u00e9galement un outil cl\u00e9, appel\u00e9 &#8220;Backcasting&#8221;, qui permet de faire avancer un projet d&#8217;\u00e9comunicipalit\u00e9 et de maintenir l&#8217;\u00e9lan.<br \/>pour faire avancer un projet d&#8217;\u00e9comunicipalit\u00e9 et maintenir l&#8217;\u00e9lan au fil du temps. Les participants<br \/>Les participants d\u00e9couvriront \u00e9galement Karlskrona, dans le sud de la Su\u00e8de, qui est la municipalit\u00e9<br \/>de cette session et si\u00e8ge de Sekom, le r\u00e9seau national des \u00e9comunicipalit\u00e9s su\u00e9doises.<br \/>su\u00e9doises.<\/p>\n<p>\u00a0<\/p>\n","protected":false},"excerpt":{"rendered":"<p>Nos webinaires offrent la possibilit\u00e9 de : &#8211; de d\u00e9couvrir le concept d&#8217;\u00e9comunicipalit\u00e9, son histoire et les valeurs qui le sous-tendent&#8211; d&#8217;entendre des exemples de cas d&#8217;\u00e9comunicipalit\u00e9s&#8211; d&#8217;entrer en contact avec des coll\u00e8gues locaux, r\u00e9gionaux, nationaux et internationaux au sein d&#8217;une communaut\u00e9 d&#8217;apprentissage&#8211; Des id\u00e9es et de l&#8217;inspiration sur la mani\u00e8re de lancer et de [&hellip;]<\/p>\n","protected":false},"author":1,"featured_media":0,"parent":0,"menu_order":0,"comment_status":"closed","ping_status":"closed","template":"","meta":{"_et_pb_use_builder":"off","_et_pb_old_content":"","_et_gb_content_width":"","footnotes":""},"_links":{"self":[{"href":"https:\/\/www.sustainablesweden.org\/index.php?rest_route=\/wp\/v2\/pages\/2769"}],"collection":[{"href":"https:\/\/www.sustainablesweden.org\/index.php?rest_route=\/wp\/v2\/pages"}],"about":[{"href":"https:\/\/www.sustainablesweden.org\/index.php?rest_route=\/wp\/v2\/types\/page"}],"author":[{"embeddable":true,"href":"https:\/\/www.sustainablesweden.org\/index.php?rest_route=\/wp\/v2\/users\/1"}],"replies":[{"embeddable":true,"href":"https:\/\/www.sustainablesweden.org\/index.php?rest_route=%2Fwp%2Fv2%2Fcomments&post=2769"}],"version-history":[{"count":1,"href":"https:\/\/www.sustainablesweden.org\/index.php?rest_route=\/wp\/v2\/pages\/2769\/revisions"}],"predecessor-version":[{"id":2770,"href":"https:\/\/www.sustainablesweden.org\/index.php?rest_route=\/wp\/v2\/pages\/2769\/revisions\/2770"}],"wp:attachment":[{"href":"https:\/\/www.sustainablesweden.org\/index.php?rest_route=%2Fwp%2Fv2%2Fmedia&parent=2769"}],"curies":[{"name":"wp","href":"https:\/\/api.w.org\/{rel}","templated":true}]}}