{"id":2774,"date":"2023-05-23T16:17:29","date_gmt":"2023-05-23T14:17:29","guid":{"rendered":"https:\/\/www.sustainablesweden.org\/?page_id=2774"},"modified":"2023-05-23T16:17:31","modified_gmt":"2023-05-23T14:17:31","slug":"projets-passes","status":"publish","type":"page","link":"https:\/\/www.sustainablesweden.org\/?page_id=2774&lang=fr","title":{"rendered":"Projets pass\u00e9s"},"content":{"rendered":"\n\n\n<p>Depuis sa cr\u00e9ation, Sustainable Sweden Association a eu l&#8217;occasion de participer \u00e0 de nombreux projets internationaux. Voici un aper\u00e7u de quelques-uns de nos projets pass\u00e9s :<\/p>\n\n\n\n<p><\/p>\n\n\n\n<h2 class=\"wp-block-heading\"><strong>Afrique<\/strong><\/h2>\n\n\n\n<p><strong>Ethiopie<\/strong><\/p>\n\n\n\n<p>Sustainable Sweden Development Ethiopia (SSDE) est une organisation s\u0153ur de Sustainable Sweden Association (SSA). L&#8217;objectif de cette organisation, dont le si\u00e8ge est \u00e0 Addis-Abeba (\u00c9thiopie), est de coordonner et d&#8217;aider les 14 \u00e9co-municipalit\u00e9s d&#8217;\u00c9thiopie dans leurs actions.<\/p>\n\n\n\n<p>En 2017, un projet pour ces \u00e9co-municipalit\u00e9s pilotes a \u00e9t\u00e9 \u00e9labor\u00e9, et en 2019, apr\u00e8s avoir obtenu un financement, le projet a pu d\u00e9marrer. Les axes de travail s\u00e9lectionn\u00e9s par les municipalit\u00e9s \u00e9taient : le renforcement des capacit\u00e9s, l&#8217;\u00e9cologie urbaine, la gestion des d\u00e9chets et l&#8217;\u00e9co-tourisme. En outre, ce projet devait \u00e9galement produire de nombreux r\u00e9sultats aux niveaux r\u00e9gional et national, tels que la mise en \u0153uvre de villes et de communaut\u00e9s durables, la r\u00e9duction de la pauvret\u00e9, l&#8217;\u00e9galit\u00e9 des sexes\/l&#8217;autonomisation des femmes, l&#8217;autonomisation des jeunes, la qualit\u00e9 des services\/la transparence, les processus participatifs.<\/p>\n\n\n\n<p>Entre 2015 et 2019, de nombreuses activit\u00e9s ont \u00e9t\u00e9 men\u00e9es : 2 conf\u00e9rences nationales, 3 conf\u00e9rences r\u00e9gionales, 5 ateliers dans les municipalit\u00e9s, 3 tourn\u00e9es de SSA en Su\u00e8de, une coordination continue avec 14 municipalit\u00e9s, etc. Cependant, un an seulement apr\u00e8s le d\u00e9but du projet, la pand\u00e9mie, puis la guerre civile en Ethiopie ont conduit \u00e0 son arr\u00eat. Nous soutenons nos amis et coll\u00e8gues en \u00c9thiopie et nous nous r\u00e9jouirons de l&#8217;occasion qui nous sera donn\u00e9e \u00e0 l&#8217;avenir de reprendre notre travail ensemble lorsque les conditions le permettront.<\/p>\n\n\n\n<p><a href=\"https:\/\/www.sustainablesweden.org\/?page_id=574&amp;lang=fr\" target=\"_blank\" rel=\"noreferrer noopener\">En savoir plus sur notre projet en \u00c9thiopie<\/a><\/p>\n\n\n\n<p><strong>Kenya<\/strong><\/p>\n\n\n\n<p>La ville de Machakos, au Kenya, a \u00e9t\u00e9 initi\u00e9e au mouvement su\u00e9dois des \u00e9co-municipalit\u00e9s en 2007, lorsqu&#8217;elle a \u00e9t\u00e9 jumel\u00e9e avec le projet su\u00e9dois d&#8217;\u00e9co-municipalit\u00e9 de Robertfors.<\/p>\n\n\n\n<p>Les enjeux de ce projet comprenaient l&#8217;\u00e9ducation et le renforcement des capacit\u00e9s. Par ailleurs, avec les probl\u00e8mes croissants r\u00e9sultant du changement climatique, le Kenya doit d\u00e9sormais relever des d\u00e9fis majeurs pour son avenir, \u00e0 commencer par la question de l&#8217;eau.<\/p>\n\n\n\n<p>Machakos a fait \u00e9merger un nombre impressionnant d&#8217;acteurs locaux optimistes, d\u00e9sireux de faire de leur communaut\u00e9 un mod\u00e8le de d\u00e9veloppement durable. En effet, cette municipalit\u00e9 pilote est devenue un mod\u00e8le \u00e0 suivre pour les autres communaut\u00e9s du Kenya.<\/p>\n\n\n\n<p><a rel=\"noreferrer noopener\" href=\"https:\/\/www.sustainablesweden.org\/?page_id=1363&amp;lang=fr\" target=\"_blank\">En savoir plus sur notre projet au Kenya<\/a><\/p>\n\n\n\n<p><\/p>\n\n\n\n<h2 class=\"wp-block-heading\">Am\u00e9rique<\/h2>\n\n\n\n<p><strong>Am\u00e9rique du Nord<\/strong><\/p>\n\n\n\n<p>Apr\u00e8s plusieurs ann\u00e9es d&#8217;interaction entre Torbj\u00f6rn Lahti, fondateur de SSA, et les Etats-Unis, la ville de Washburn, situ\u00e9e le long de la baie de Chequamegon, dans le Wisconsin, est devenue en 2005 la premi\u00e8re \u00e9co-municipalit\u00e9 du pays.<\/p>\n\n\n\n<p>En 2006, un certain nombre d&#8217;\u00e9co-municipalit\u00e9s am\u00e9ricaines en devenir se sont r\u00e9unies pour former un r\u00e9seau (avec quelques \u00e9co-municipalit\u00e9s canadiennes) : le North American Eco-municipality Network.<\/p>\n\n\n\n<p>En quelques ann\u00e9es, le nombre de villes ayant affich\u00e9 une r\u00e9solution d&#8217;\u00e9co-municipalit\u00e9 est pass\u00e9 \u00e0 une trentaine, principalement dans le Wisconsin et sur la c\u00f4te Est. Nombre de ces \u00e9co-municipalit\u00e9s ont \u00e9t\u00e9 cr\u00e9\u00e9es par des citoyens activistes d\u00e9sireux de rendre leurs communaut\u00e9s plus durables.<\/p>\n\n\n\n<p>Un projet de jumelage entre les \u00e9co-municipalit\u00e9s am\u00e9ricaines et su\u00e9doises a \u00e9t\u00e9 propos\u00e9. Il s&#8217;agirait d&#8217;une excellente occasion de renforcer et de d\u00e9velopper les communaut\u00e9s concern\u00e9es et leur travail en faveur du d\u00e9veloppement durable, ainsi que le concept d&#8217;\u00e9co-municipalit\u00e9.<\/p>\n\n\n\n<p><a href=\"https:\/\/www.sustainablesweden.org\/?page_id=1320&amp;lang=fr\" target=\"_blank\" rel=\"noreferrer noopener\">En savoir plus sur notre projet en Am\u00e9rique du Nord (\u00c9tats-Unis et Canada)<\/a><\/p>\n\n\n\n<p><strong>Chili<\/strong><\/p>\n\n\n\n<p>De 2014 \u00e0 2016, un projet de 2 ans s&#8217;est d\u00e9roul\u00e9 dans la province d&#8217;Arauco au Chili : Arauco Sustentable.<\/p>\n\n\n\n<p>Le but du projet \u00e9tait de d\u00e9velopper un mod\u00e8le d&#8217;\u00e9co-municipalit\u00e9 bas\u00e9 sur l&#8217;exp\u00e9rience des \u00e9co-municipalit\u00e9s su\u00e9doises et le concept d&#8217;\u00e9co-municipalit\u00e9 5.0, mais qui serait adapt\u00e9 aux conditions institutionnelles et sociales du Chili. L&#8217;objectif principal \u00e9tait de d\u00e9velopper l&#8217;\u00e9co-tourisme et les destinations durables dans la province d&#8217;Arauco en adaptant, transf\u00e9rant et mettant en \u0153uvre un mod\u00e8le de gestion public-priv\u00e9.<\/p>\n\n\n\n<p><a rel=\"noreferrer noopener\" href=\"https:\/\/www.sustainablesweden.org\/?page_id=333&amp;lang=fr\" target=\"_blank\">En savoir plus sur notre projet au Chili<\/a><\/p>\n\n\n\n<p><\/p>\n\n\n\n<h2 class=\"wp-block-heading\">L&#8217;Europe<\/h2>\n\n\n\n<p><strong>Italie<\/strong><\/p>\n\n\n\n<p>Le concept d&#8217;\u00e9co-municipalit\u00e9 a \u00e9t\u00e9 introduit pour la premi\u00e8re fois en Italie en 2007, \u00e0 Morbegno. La ville a adopt\u00e9 les principes du d\u00e9veloppement durable et a lanc\u00e9 un projet pour devenir un leader dans ce domaine : &#8220;Morbegno 2020&#8221;.<\/p>\n\n\n\n<p>Avec l&#8217;aide de l&#8217;organisation The Natural Step et de SSA, une vision de ce que les habitants de Morbegno voulaient cr\u00e9er \u00e0 long terme a \u00e9t\u00e9 d\u00e9velopp\u00e9e et une voie strat\u00e9gique a \u00e9t\u00e9 choisie pour se rapprocher de cette vision \u00e0 partir de la r\u00e9alit\u00e9 actuelle.<\/p>\n\n\n\n<p>Toutes ces initiatives \u00e0 Morbegno et dans la province de Sondrio ont \u00e9t\u00e9 r\u00e9alis\u00e9es gr\u00e2ce \u00e0 une grande mobilisation de la communaut\u00e9, ainsi qu&#8217;\u00e0 des partenariats efficaces entre diverses organisations publiques et priv\u00e9es.<\/p>\n\n\n\n<p><a href=\"https:\/\/www.sustainablesweden.org\/?page_id=1349&amp;lang=fr\" target=\"_blank\" rel=\"noreferrer noopener\">En savoir plus sur notre projet en Italie<\/a><\/p>\n\n\n\n<p><strong>Su\u00e8de<\/strong><\/p>\n\n\n\n<p>Depuis la cr\u00e9ation de la premi\u00e8re \u00e9co-municipalit\u00e9 \u00e0 \u00d6vertorne\u00e5 en 1983, plus de 100 municipalit\u00e9s su\u00e9doises ont adopt\u00e9 le mod\u00e8le de l&#8217;\u00e9co-municipalit\u00e9. Aujourd&#8217;hui, elles se sont regroup\u00e9es au sein d&#8217;une association nationale, l&#8217;Association des \u00e9co-municipalit\u00e9s su\u00e9doises (SEKOM).<\/p>\n\n\n\n<p><a href=\"https:\/\/www.sustainablesweden.org\/?page_id=417&amp;lang=fr\" target=\"_blank\" rel=\"noreferrer noopener\">En savoir plus sur notre projet en Su\u00e8de<\/a><\/p>\n","protected":false},"excerpt":{"rendered":"<p>Depuis sa cr\u00e9ation, Sustainable Sweden Association a eu l&#8217;occasion de participer \u00e0 de nombreux projets internationaux. Voici un aper\u00e7u de quelques-uns de nos projets pass\u00e9s : Afrique Ethiopie Sustainable Sweden Development Ethiopia (SSDE) est une organisation s\u0153ur de Sustainable Sweden Association (SSA). L&#8217;objectif de cette organisation, dont le si\u00e8ge est \u00e0 Addis-Abeba (\u00c9thiopie), est de [&hellip;]<\/p>\n","protected":false},"author":1,"featured_media":0,"parent":0,"menu_order":0,"comment_status":"closed","ping_status":"closed","template":"","meta":{"_et_pb_use_builder":"off","_et_pb_old_content":"","_et_gb_content_width":"","footnotes":""},"_links":{"self":[{"href":"https:\/\/www.sustainablesweden.org\/index.php?rest_route=\/wp\/v2\/pages\/2774"}],"collection":[{"href":"https:\/\/www.sustainablesweden.org\/index.php?rest_route=\/wp\/v2\/pages"}],"about":[{"href":"https:\/\/www.sustainablesweden.org\/index.php?rest_route=\/wp\/v2\/types\/page"}],"author":[{"embeddable":true,"href":"https:\/\/www.sustainablesweden.org\/index.php?rest_route=\/wp\/v2\/users\/1"}],"replies":[{"embeddable":true,"href":"https:\/\/www.sustainablesweden.org\/index.php?rest_route=%2Fwp%2Fv2%2Fcomments&post=2774"}],"version-history":[{"count":1,"href":"https:\/\/www.sustainablesweden.org\/index.php?rest_route=\/wp\/v2\/pages\/2774\/revisions"}],"predecessor-version":[{"id":2775,"href":"https:\/\/www.sustainablesweden.org\/index.php?rest_route=\/wp\/v2\/pages\/2774\/revisions\/2775"}],"wp:attachment":[{"href":"https:\/\/www.sustainablesweden.org\/index.php?rest_route=%2Fwp%2Fv2%2Fmedia&parent=2774"}],"curies":[{"name":"wp","href":"https:\/\/api.w.org\/{rel}","templated":true}]}}