{"id":2777,"date":"2023-05-23T16:23:54","date_gmt":"2023-05-23T14:23:54","guid":{"rendered":"https:\/\/www.sustainablesweden.org\/?page_id=2777"},"modified":"2023-05-23T16:23:55","modified_gmt":"2023-05-23T14:23:55","slug":"podcast-sarah-james-sur-les-etapes-naturelles-de-la-regeneration-des-communautes","status":"publish","type":"page","link":"https:\/\/www.sustainablesweden.org\/?page_id=2777&lang=fr","title":{"rendered":"[Podcast] Sarah James sur les \u00e9tapes naturelles de la r\u00e9g\u00e9n\u00e9ration des communaut\u00e9s"},"content":{"rendered":"\n<p>Sarah James est consultante en urbanisme et coauteur du livre The Natural Step for Communities. Dans ce podcast de Regenerative Skills, un m\u00e9dia en ligne et une communaut\u00e9 bas\u00e9e sur la recherche d&#8217;une vie r\u00e9g\u00e9n\u00e9ratrice, Sarah James pr\u00e9sente le cadre de The Natural Step et partage des exemples d&#8217;\u00e9co-municipalit\u00e9s inspirantes.<\/p>\n<p><a href=\"https:\/\/regenerativeskills.com\/sarah-james-on-the-natural-steps-for-regenerating-communities\/\" target=\"_blank\" rel=\"noopener\">\u00c9couter le podcast<\/a> (en anglais)<\/p>\n<p>\u00a0<\/p>\n<h2>Les \u00e9co-municipalit\u00e9s, un mod\u00e8le inspirant<\/h2>\n<p>Dans ce podcast, Sarah James aborde les obstacles au changement, les bonnes strat\u00e9gies \u00e0 suivre et donne quelques conseils aux collectivit\u00e9s qui souhaitent passer \u00e0 des pratiques durables. Elle pr\u00e9sente des exemples de collectivit\u00e9s qui ont r\u00e9alis\u00e9 des changements syst\u00e9miques pour devenir plus durables en utilisant l&#8217;approche de l&#8217;\u00e9co-municipalit\u00e9. Elle a notamment visit\u00e9 en 2001 plusieurs \u00e9co-municipalit\u00e9s en Su\u00e8de et a pu constater qu&#8217;il \u00e9tait possible de cr\u00e9er des villes durables.<\/p>\n<p>&#8220;<em>Je n&#8217;arrivais pas \u00e0 croire ce que je voyais<\/em>&#8220;, d\u00e9clare-t-elle. &#8220;<em>Elles \u00e9taient tellement en avance sur tout ce qui se fait dans ce pays<\/em>&#8221; (Sarah James est originaire des \u00c9tats-Unis). &#8220;<em>La meilleure chose que je puisse faire est d&#8217;informer les gens de ce qu&#8217;ils font l\u00e0-bas&#8221;<\/em>. Elle a donc d\u00e9cid\u00e9 de contacter Torbjon Lahti, fondateur du concept d&#8217;\u00e9comunicipalit\u00e9 et pr\u00e9sident de l&#8217;association Sustainable Sweden, pour qu&#8217;il \u00e9crive un livre sur le sujet.<\/p>\n<p>Selon Sarah James, le succ\u00e8s du mod\u00e8le de l&#8217;\u00e9co-municipalit\u00e9 s&#8217;explique par :<\/p>\n<ul>\n<li>Une strat\u00e9gie globale, une vision syst\u00e9mique. Toutes les questions sont abord\u00e9es ensemble. Cela peut conduire \u00e0 des changements rapides.<\/li>\n<li>La mise en \u0153uvre d&#8217;un d\u00e9veloppement circulaire fort. Elle donne l&#8217;exemple de la gestion des d\u00e9chets et de l&#8217;\u00e9nergie \u00e0 Ume\u00e5.<\/li>\n<li>Le processus pour devenir une \u00e9comunicipalit\u00e9 peut fonctionner dans n&#8217;importe quel type de communaut\u00e9, n&#8217;importe o\u00f9 dans le monde. Les principes de durabilit\u00e9 et le processus \u00e0 suivre sont les m\u00eames dans tous les contextes. Le secteur des entreprises, les \u00e9coles, les services publics, tous peuvent les utiliser.<\/li>\n<\/ul>\n<p>Elle conclut le podcast en pr\u00e9sentant Ecomuna, le projet principal actuel de l&#8217;association Sustainable Sweden, qui vise \u00e0 cr\u00e9er un centre de comp\u00e9tences mondial autour des \u00e9co-municipalit\u00e9s.<\/p>\n<p>\u00a0<\/p>\n","protected":false},"excerpt":{"rendered":"<p>Sarah James est consultante en urbanisme et coauteur du livre The Natural Step for Communities. Dans ce podcast de Regenerative Skills, un m\u00e9dia en ligne et une communaut\u00e9 bas\u00e9e sur la recherche d&#8217;une vie r\u00e9g\u00e9n\u00e9ratrice, Sarah James pr\u00e9sente le cadre de The Natural Step et partage des exemples d&#8217;\u00e9co-municipalit\u00e9s inspirantes. \u00c9couter le podcast (en anglais) [&hellip;]<\/p>\n","protected":false},"author":1,"featured_media":0,"parent":0,"menu_order":0,"comment_status":"closed","ping_status":"closed","template":"","meta":{"_et_pb_use_builder":"off","_et_pb_old_content":"","_et_gb_content_width":"","footnotes":""},"_links":{"self":[{"href":"https:\/\/www.sustainablesweden.org\/index.php?rest_route=\/wp\/v2\/pages\/2777"}],"collection":[{"href":"https:\/\/www.sustainablesweden.org\/index.php?rest_route=\/wp\/v2\/pages"}],"about":[{"href":"https:\/\/www.sustainablesweden.org\/index.php?rest_route=\/wp\/v2\/types\/page"}],"author":[{"embeddable":true,"href":"https:\/\/www.sustainablesweden.org\/index.php?rest_route=\/wp\/v2\/users\/1"}],"replies":[{"embeddable":true,"href":"https:\/\/www.sustainablesweden.org\/index.php?rest_route=%2Fwp%2Fv2%2Fcomments&post=2777"}],"version-history":[{"count":1,"href":"https:\/\/www.sustainablesweden.org\/index.php?rest_route=\/wp\/v2\/pages\/2777\/revisions"}],"predecessor-version":[{"id":2778,"href":"https:\/\/www.sustainablesweden.org\/index.php?rest_route=\/wp\/v2\/pages\/2777\/revisions\/2778"}],"wp:attachment":[{"href":"https:\/\/www.sustainablesweden.org\/index.php?rest_route=%2Fwp%2Fv2%2Fmedia&parent=2777"}],"curies":[{"name":"wp","href":"https:\/\/api.w.org\/{rel}","templated":true}]}}