{"id":316,"date":"2016-09-13T16:36:04","date_gmt":"2016-09-13T14:36:04","guid":{"rendered":"http:\/\/www.sustainablesweden.org\/?page_id=316"},"modified":"2021-09-07T15:19:10","modified_gmt":"2021-09-07T13:19:10","slug":"contactanos","status":"publish","type":"page","link":"https:\/\/www.sustainablesweden.org\/?page_id=316","title":{"rendered":"Nuestro Equipo"},"content":{"rendered":"<p><strong>Miembros:<\/strong><\/p>\n<ul>\n<li><a href=\"#Torbj\u00f6rn\">Torbj\u00f6rn Lahti<\/a> &#8211; Presidente<\/li>\n<li><a href=\"#Gunnar\">Gunnar Brundin<\/a> &#8211; Co-fundador de SuS<\/li>\n<li><a href=\"#Lena\">Lena Lindahl<\/a> &#8211; Relaciones con Jap\u00f3n<\/li>\n<li><a href=\"#Adane\">Adane Negash<\/a> &#8211; Relaciones con Etiop\u00eda<\/li>\n<li><a href=\"#Sardu\">Sardu Bajracharya<\/a> &#8211; Relaciones con Nepal<\/li>\n<li><a href=\"#Svante\">Svante Lejon<\/a> &#8211; Relaciones con Tanzania<\/li>\n<li><a href=\"#Cynthia\">Cynthia Contie<\/a> &#8211; Relaciones con America del Norte<\/li>\n<li><a href=\"#Susanne\">Susanne Eriksson<\/a> &#8211; Gu\u00eda de Tours en Ingl\u00e9s<\/li>\n<li><a href=\"#Mona\">Mona Pettersson Lahti<\/a> &#8211; Dise\u00f1adora art\u00edstica para Sustainable Sweden Tours<\/li>\n<\/ul>\n<p><strong>Practicantes en Sustainable Sweden<\/strong>:<\/p>\n<p><em>A lo largo de los \u00faltimos a\u00f1os, Sustainable Sweden ha acogido varios practicantes que quer\u00edan participar en proyectos de desarollo sostenible en pa\u00edses n\u00f3rdicos.<\/em><\/p>\n<ul>\n<li style=\"list-style-type: none;\">\n<ul>\n<li><a href=\"#Margot\">Margot Husson (2011\/2012). <\/a>&#8211; Francesa<\/li>\n<li><a href=\"#Julie\">Julie Marcel ( 2012\/2013).<\/a> &#8211; Francesa<\/li>\n<li><a href=\"#Maxime\">Maxime Sourdin (2013\/2014)<\/a>\u00a0&#8211; Franc\u00e9s<\/li>\n<li><a href=\"#Guilherme\">Guilherme Bleu (2016\/2017)<\/a>\u00a0&#8211; Franc\u00e9s<\/li>\n<li><a href=\"#Diane\">Diane Roug\u00e9 (2017)<\/a> &#8211; Francesa<\/li>\n<li><a href=\"#Manon\">Manon Sal\u00e9 (2018)<\/a>\u00a0&#8211; Francesa<\/li>\n<li><a href=\"#L\u00e9a\">L\u00e9a Goupil (2018)<\/a>\u00a0&#8211; Francesa<\/li>\n<li><a href=\"http:\/\/Margot\">Margot Renard (2018)<\/a>\u00a0&#8211; Belga<\/li>\n<li><a href=\"#Camille\">Camille Mossard (2019)<\/a>\u00a0&#8211; Francesa<\/li>\n<li><a href=\"https:\/\/www.linkedin.com\/in\/clarisse-veaux-32b5a617a\">Clarisse Veaux (2019)<\/a> &#8211; Francesa<\/li>\n<\/ul>\n<\/li>\n<\/ul>\n<p id=\"Torbj\u00f6rn\"><span style=\"font-size: 14pt;\"><strong><br \/>\n<a href=\"http:\/\/www.sustainablesweden.org\/wp-content\/uploads\/2016\/09\/IMG_0601.jpeg\"><img decoding=\"async\" loading=\"lazy\" class=\"alignleft size-thumbnail wp-image-587\" src=\"http:\/\/www.sustainablesweden.org\/wp-content\/uploads\/2016\/09\/IMG_0601-150x150.jpeg\" alt=\"img_0601\" width=\"150\" height=\"150\" \/><\/a>Torbj\u00f6rn Lahti<br \/>\n<\/strong><em>Presidente<\/em><\/span><\/p>\n<p>Formado en planificaci\u00f3n social y econom\u00eda. Presidente de Sustainable Sweden Association. Inici\u00f3 el movimiento de las ecomunicipalidades en Suecia, y es cofundador de Esam AB. Torbj\u00f6rn tiene 35 a\u00f1os de experiencia en trabajos con desarrollo sostenible &#8211; \u00fanico hasta en Suecia. Es un conferencista internacional, y fue el l\u00edder del proyecto &#8220;Sustainable Robertsfors&#8221;, donde un concepto, llamado &#8220;Ecomunicipalidad 5.0&#8221; fue creado. Torbj\u00f6rn toma parte en los &#8220;tours&#8221;, da conferencias y comparte su experiencia. Tome contacto con Torbj\u00f6rn si tiene preguntas a cerca de la Sustainable Sweden Association.<\/p>\n<p>Tel\u00e9fono : +46 70 33 66 963<\/p>\n<p>Mail : torbjorn@sustainablesweden.org<\/p>\n<p><a href=\"http:\/\/www.sustainablesweden.org\/wp-content\/uploads\/2016\/09\/Biografia-Torbj\u00f6rn-Lahti.pdf\">Biografia Torbj\u00f6rn Lahti<\/a><\/p>\n<hr \/>\n<p id=\"Lena\"><span style=\"font-size: 14pt;\"><strong><br \/>\nLena Lindahl<br \/>\n<\/strong><em>Representante de proyectos con Jap\u00f3n<\/em><strong><br \/>\n<\/strong><\/span><\/p>\n<p>Para informaci\u00f3n acerca de los Tours hechos en Jap\u00f3n o con participantes japoneses, contacte a Lena.<\/p>\n<p>[expand title=&#8221;<em><strong>M\u00e1s informaci\u00f3n acerca de Lena<\/strong><\/em>&#8220;]<br \/>\nLena Lindahl es la fundadora y gerente de Link &amp; Learn International, una empresa basade en Uppsala, en Suecia, dedicada al intercambio de aprendizajes entre Suecia y el internacional, en el campo del desarrollo sostenible. Lena ha trabajado 24 a\u00f1os en Tokyo antes de mudarse a Uppsala en 2013. Domina el japon\u00e9s, por lo que lee y escribe en japon\u00e9s adem\u00e1s de ser bilingue en ingl\u00e9s y sueco, su lengua materna. Lena mantiene una red amplia en la comunidad medioambiental japonesa.<\/p>\n<p>En 2002, Lena tambi\u00e9n inici\u00f3 un Sustainable Sweden Tour para visitantes japoneses. Acoge a visitantes que vienen desde Jap\u00f3n hasta Suecia durante todo el a\u00f1o, haciendo programas de viajes de estudio a todas partes del pa\u00eds y acompa\u00f1ando los invitados como int\u00e9rprete. En Uppsala, se ocupa de <a href=\"http:\/\/www.destinationuppsala.se\/en\/Uppsala\/Technical-visits\/\">los pedidos de visita a la Ciudad de Uppsala<\/a> hechos por China y otros pa\u00edses. Adem\u00e1s, Lena organiza viajes de estudio para pol\u00edticos, medios de comunicaci\u00f3n y otros. Desde el accidente nuclear en Fukushima, ha organizado y acompa\u00f1ado varias visitas a los lugares que han sufrido de la cat\u00e1strofe.<\/p>\n<p>Lena es una conferencista popular sobre los temas verdes, hablando a los japoneses de las iniciativas suecas para llevar a cabo el desarrollo sostenible. En Suecia habla de la situaci\u00f3n energ\u00e9tica y medioambiental en Jap\u00f3n, asi como de los aspectos culturales de la vida cotidiana y del trabajo en Jap\u00f3n.<\/p>\n<p>Lena provee b\u00fasquedas, planificaci\u00f3n, introducciones e interpretaci\u00f3n para los medios de comunicaci\u00f3n, los representantes y otros que buscan como navegar en la comunidad del desarrollo sostenible en Jap\u00f3n. Al poder acceder a recursos que solo est\u00e1n disponibles en japon\u00e9s, ella puede tocar a una amplia variedad de informaciones y a\u00f1adir un lado competitivo a las iniciativas extranjeras de sostenibilidad en el pa\u00eds.[\/expand]<\/p>\n<p>Mail : lena@sustainablesweden.org<br \/>\nSite : <a href=\"http:\/\/www.linkandlearn.se\" target=\"_blank\" rel=\"noopener noreferrer\">Link &amp; Learn International<\/a><\/p>\n<hr \/>\n<p><a href=\"http:\/\/www.sustainablesweden.org\/wp-content\/uploads\/2016\/09\/Adane-Negash.jpg\"><br \/>\n<img decoding=\"async\" loading=\"lazy\" class=\"alignleft wp-image-519\" src=\"http:\/\/www.sustainablesweden.org\/wp-content\/uploads\/2016\/09\/Adane-Negash.jpg\" alt=\"adane-negash\" width=\"110\" height=\"150\" srcset=\"https:\/\/www.sustainablesweden.org\/wp-content\/uploads\/2016\/09\/Adane-Negash.jpg 258w, https:\/\/www.sustainablesweden.org\/wp-content\/uploads\/2016\/09\/Adane-Negash-220x300.jpg 220w\" sizes=\"(max-width: 110px) 100vw, 110px\" \/><\/a><strong><span style=\"font-size: 14pt;\">Adane Negash<br \/>\n<\/span><\/strong><span style=\"font-size: 14pt;\"><em>Representante de proyectos con Etiop\u00eda<\/em><\/span><\/p>\n<p>Es el referente para preguntas sobre Etiop\u00eda or <a href=\"http:\/\/www.ssde-ethio.org\/\">SSDE<\/a>.<\/p>\n<p>Adane tiene una formaci\u00f3n de Information Designer Scientist y es experto en Relaciones P\u00fablicas (PR Expert). Es el fundador de una organizaci\u00f3n no gubernamental : <a href=\"http:\/\/www.sustainablesweden.org\/?page_id=177&amp;lang=en\">Sustainable Sweden Development Ethiopia<\/a>. Tambi\u00e9n es Director Ejecutivo, Gu\u00eda de Tour y Consultor Superior. Adane se ha incorporado a Sustainable Sweden en 1992 y es hoy uno de sus miembros principales. Tiene m\u00e1s de 20 a\u00f1os de experiencia trabajando con Eco-municipalidades.<\/p>\n<p>Adane dirige una empresa especializada en el comercio de productos sostenibles entre Suecia y Etiopia.<\/p>\n<p>Mail : adane@sustainablesweden.org<br \/>\nPhone : +46 73 814 50 63<\/p>\n<hr \/>\n<p id=\"Sardu\"><strong><span style=\"font-size: 14pt;\"><br \/>\nSardu Bajracharya<br \/>\n<\/span><\/strong><span style=\"font-size: 14pt;\"><em>Representante de proyectos con Nepal<\/em><\/span><\/p>\n<p>Sardu Bajracharya es una cient\u00edfica medioambiental y una experta en GIS\/Remote sensing. Es la fundadora de una organizaci\u00f3n no lucrativa, &#8220;Sustainable Nepal&#8221;. Como miembro de Sustainable Sweden, tiene la esperanza de poder desarrollar el intercambio de experiencias y conocimientos sobre el desarrollo sostenible entre los dos pa\u00edses.<\/p>\n<p>[expand title=&#8221;<em><strong>M\u00e1s informaci\u00f3n acerca de Sardu<\/strong><\/em>&#8220;]<br \/>\nSardu tambi\u00e9n ha trabajado en organizaciones internacionales, tal como ICIMOD, WWF, con diversos proyectos medioambientales desde 2001. Por ahora, est\u00e1 realizando su doctorado en la Universidad de Lund, haciendo b\u00fasquedas sobre el impacto del cambio clim\u00e1tico en las perturbaciones de los bosques. Tiene un inter\u00e9s particular por la atenuaci\u00f3n del cambio clim\u00e1tico, silvicultura comunitaria, as\u00ed como el programa de las Naciones Unidas <a href=\"http:\/\/www.un-redd.org\/\">UN-REDD<\/a>.[\/expand]<\/p>\n<p>Mail : sardu@sustainablenepal.com<br \/>\nTel\u00e9fono : +46 76 133 88 35<\/p>\n<hr \/>\n<p id=\"Svante\"><strong><br \/>\n<span style=\"font-size: 14pt;\"><br \/>\n<a href=\"http:\/\/www.sustainablesweden.org\/wp-content\/uploads\/2013\/03\/Svante-Lejon.jpg\"><img decoding=\"async\" loading=\"lazy\" class=\"alignleft size-medium wp-image-697\" src=\"http:\/\/www.sustainablesweden.org\/wp-content\/uploads\/2013\/03\/Svante-Lejon-161x300.jpg\" alt=\"svante-lejon\" width=\"161\" height=\"300\" srcset=\"https:\/\/www.sustainablesweden.org\/wp-content\/uploads\/2013\/03\/Svante-Lejon-161x300.jpg 161w, https:\/\/www.sustainablesweden.org\/wp-content\/uploads\/2013\/03\/Svante-Lejon-551x1024.jpg 551w, https:\/\/www.sustainablesweden.org\/wp-content\/uploads\/2013\/03\/Svante-Lejon.jpg 565w\" sizes=\"(max-width: 161px) 100vw, 161px\" \/><\/a>Svante Lejon<br \/>\n<\/span><\/strong><em><span style=\"font-size: 14pt;\">Relaciones con Tanzania<br \/>\n<\/span><\/em><\/p>\n<p>Svante es el miembro m\u00e1s reciente de Sustainable Sweden. Coopera activamente con la organizaci\u00f3n no-gubernamental tanzana <a href=\"https:\/\/www.facebook.com\/JENGA-JAMII-Foundation-951408354952832\/\">Jenga Jamii Foundation (JJF)<\/a> con el objetivo de establecer estrategias sustentables en el pa\u00eds.<\/p>\n<p>[expand title=&#8221;<em><strong>M\u00e1s informaci\u00f3n acerca de Svante<\/strong><\/em>&#8220;]<br \/>\nSvante Lejon ha dedicado una gran parte de su vida al desarrollo sostenible, en particular a la sostenibilidad social. Svante es un economista que tiene un inter\u00e9s particular por el an\u00e1lisis de costes-beneficios, monitorizaci\u00f3n y evaluaci\u00f3n. Fue presidente ejecutivo de una empresa de productos qu\u00edmicos especializada en producci\u00f3n de productos respetuosos del medio ambiente. Tambi\u00e9n ha tomado parte en actividades de gesti\u00f3n para una empresa de energ\u00eda solar y una empresa minera. Ha sido jefe de la secci\u00f3n de an\u00e1lisis y desarrollo para el servicio de Educaci\u00f3n y Formaci\u00f3n Vocacionales en Suecia (Swedish Vocational Education and Training &#8211; VET) en\u00a0 la Direcci\u00f3n de Trabajo General sueca (Arbetsmarknadsstyrelsen &#8211; AMS). Fue el responsable por la producci\u00f3n de informes sobre el estado de VET en Suecia y fue profesor para VET. Tambi\u00e9n tiene una larga experiencia en diversas funciones en el ej\u00e9rcito sueco.<\/p>\n<p>De vez en cuando, Svante ha cooperado con Torbj\u00f6rn Lahti en algunos proyectos. Desde 2015, ha estado desarrollando una estrategia\u00a0en cooperaci\u00f3n con la\u00a0<a href=\"https:\/\/www.facebook.com\/JENGA-JAMII-Foundation-951408354952832\/\">Jenga Jamii Foundation (JJF)<\/a>, una ONG tanzana, para hacer Tanzania m\u00e1s sostenible.[\/expand]<\/p>\n<hr \/>\n<p id=\"Gunnar\"><span style=\"font-size: 14pt;\"><strong><br \/>\n<a href=\"http:\/\/www.sustainablesweden.org\/wp-content\/uploads\/2016\/09\/Profilbild-GB.jpg\"><img decoding=\"async\" loading=\"lazy\" class=\"alignleft size-thumbnail wp-image-581\" src=\"http:\/\/www.sustainablesweden.org\/wp-content\/uploads\/2016\/09\/Profilbild-GB-150x150.jpg\" alt=\"profilbild-gb\" width=\"150\" height=\"150\" srcset=\"https:\/\/www.sustainablesweden.org\/wp-content\/uploads\/2016\/09\/Profilbild-GB-150x150.jpg 150w, https:\/\/www.sustainablesweden.org\/wp-content\/uploads\/2016\/09\/Profilbild-GB.jpg 160w\" sizes=\"(max-width: 150px) 100vw, 150px\" \/><\/a>Gunnar Brundin<\/strong><\/span><\/p>\n<p>Siendo uno de los dos fundadores de Esam, Gunnar Brundin tiene m\u00e1s de 25 a\u00f1os de experiencia en trabajo con las ecomunicipalidades. Es un Auditor de cualidad y medioambiente en el Instituto T\u00e9cnico de B\u00fasqueda de Suecia. &#8211; Cetificaci\u00f3n SP.<\/p>\n<p>Mail : gunnar.brundin@esam.se<\/p>\n<hr \/>\n<p id=\"Susanne\"><strong><span style=\"font-size: 14pt;\"><br \/>\nSusanne Eriksson<br \/>\n<\/span><\/strong><span style=\"font-size: 14pt;\"><em>Gu\u00eda de tours en ingl\u00e9s<br \/>\n<\/em><\/span><\/p>\n<p>Susanne Eriksson es una consultante y educadora con una amplia competencia en desarrollo sostenible. Tiene a\u00f1os de experiencia en desarrollo estrat\u00e9gico medioambiental en el marco comercial, particularmente de un punto de vista de peque\u00f1os negocios. Adem\u00e1s, Susanne tiene un conocimiento profundo de la ley medioambiental sueca, y es capaz de resumir textos de leyes con un lenguaje m\u00e1s sencillo. Hace ya muchos a\u00f1os que tambi\u00e9n planeja y conduce Sustainable Sweden Tours entre sobre todo EE.UU. y Suecia, con respeto a desarrollo sostenible.<\/p>\n<p>Mail : susanne@sustainablesweden.org<\/p>\n<hr \/>\n<p id=\"Mona\"><span style=\"font-size: 14pt;\"><strong><br \/>\n<a href=\"http:\/\/www.sustainablesweden.org\/wp-content\/uploads\/2016\/09\/IMG_9379-1.jpeg\"><img decoding=\"async\" loading=\"lazy\" class=\"alignleft size-thumbnail wp-image-597\" src=\"http:\/\/www.sustainablesweden.org\/wp-content\/uploads\/2016\/09\/IMG_9379-1-150x150.jpeg\" alt=\"img_9379\" width=\"150\" height=\"150\" \/><\/a>Mona Pettersson Lahti<\/strong><\/span><\/p>\n<p>La contribuci\u00f3n de Mona para cambiar el mundo en una direcci\u00f3n sostenible queda principalmente expresada a trav\u00e9s de im\u00e1genes, ilustraciones, fotograf\u00edas y dise\u00f1os. Alterna esta tarea con su otro empleo &#8211; el de profesora de arte desde hace m\u00e1s de 20 a\u00f1os.<\/p>\n<p>Mail : mona@sustainablesweden.org<\/p>\n<p style=\"text-align: center;\"><a href=\"#top\"><span style=\"font-size: 14pt;\"><strong>Volver arriba<\/strong><\/span><\/a><\/p>\n","protected":false},"excerpt":{"rendered":"<p>Miembros: Torbj\u00f6rn Lahti &#8211; Presidente Gunnar Brundin &#8211; Co-fundador de SuS Lena Lindahl &#8211; Relaciones con Jap\u00f3n Adane Negash &#8211; Relaciones con Etiop\u00eda Sardu Bajracharya &#8211; Relaciones con Nepal Svante Lejon &#8211; Relaciones con Tanzania Cynthia Contie &#8211; Relaciones con America del Norte Susanne Eriksson &#8211; Gu\u00eda de Tours en Ingl\u00e9s Mona Pettersson Lahti &#8211; [&hellip;]<\/p>\n","protected":false},"author":1,"featured_media":0,"parent":0,"menu_order":5,"comment_status":"closed","ping_status":"closed","template":"","meta":{"footnotes":""},"_links":{"self":[{"href":"https:\/\/www.sustainablesweden.org\/index.php?rest_route=\/wp\/v2\/pages\/316"}],"collection":[{"href":"https:\/\/www.sustainablesweden.org\/index.php?rest_route=\/wp\/v2\/pages"}],"about":[{"href":"https:\/\/www.sustainablesweden.org\/index.php?rest_route=\/wp\/v2\/types\/page"}],"author":[{"embeddable":true,"href":"https:\/\/www.sustainablesweden.org\/index.php?rest_route=\/wp\/v2\/users\/1"}],"replies":[{"embeddable":true,"href":"https:\/\/www.sustainablesweden.org\/index.php?rest_route=%2Fwp%2Fv2%2Fcomments&post=316"}],"version-history":[{"count":26,"href":"https:\/\/www.sustainablesweden.org\/index.php?rest_route=\/wp\/v2\/pages\/316\/revisions"}],"predecessor-version":[{"id":2163,"href":"https:\/\/www.sustainablesweden.org\/index.php?rest_route=\/wp\/v2\/pages\/316\/revisions\/2163"}],"wp:attachment":[{"href":"https:\/\/www.sustainablesweden.org\/index.php?rest_route=%2Fwp%2Fv2%2Fmedia&parent=316"}],"curies":[{"name":"wp","href":"https:\/\/api.w.org\/{rel}","templated":true}]}}