{"id":530,"date":"2016-09-27T12:38:56","date_gmt":"2016-09-27T10:38:56","guid":{"rendered":"http:\/\/www.sustainablesweden.org\/?page_id=530"},"modified":"2018-03-20T13:03:48","modified_gmt":"2018-03-20T12:03:48","slug":"sustainable-sweden-development-etiopia-ssde","status":"publish","type":"page","link":"https:\/\/www.sustainablesweden.org\/?page_id=530&lang=es","title":{"rendered":"Sustainable Sweden Development Etiop\u00eda (SSDE)"},"content":{"rendered":"<div class=\"entry-content\">\n<p style=\"text-align: justify;\"><span style=\"font-size: 14pt;\">Visita al sitio web de <strong><a href=\"https:\/\/ssdethiopia.wordpress.com\/\" target=\"_blank\" rel=\"noopener noreferrer\">SSDE<\/a><\/strong>\u00a0(en ingl\u00e9s).<\/span><\/p>\n<p style=\"text-align: justify;\">Estamos orgullosos de anunciar que ha sido creada una nueva organizaci\u00f3n en Etiop\u00eda : <strong>Sustainable Sweden Development Ethiopia<\/strong>.<\/p>\n<h4 style=\"text-align: justify;\">\u00bf Qu\u00e9 es ?<\/h4>\n<p style=\"text-align: justify;\">SSDE es una organizaci\u00f3n-hermana de\u00a0<strong>Sustainable Sweden Association<\/strong>\u00a0(SSA).\u00a0Esta\u00a0organizaci\u00f3n, que tiene su sede en Addis Abeba (Etiop\u00eda), tiene como objetivo de coordinar las 14 Eco-municipalidades en Etiop\u00eda y sus acciones.<\/p>\n<h4 style=\"text-align: justify;\">Su origen<\/h4>\n<p style=\"text-align: justify;\">En 1995,\u00a0para responder a los desaf\u00edos globales que supone el cambio clim\u00e1tico, una red sueca de Eco-municipalidades se form\u00f3 : \u00a0<a href=\"http:\/\/www.sekom.nu\/index.php\/in-english\"><strong>Sekom,<\/strong><\/a> La Asociaci\u00f3n para las Eco-municipalidades suecas.<\/p>\n<p style=\"text-align: justify;\">En Mayo de 2008, Sekom organiz\u00f3 la<strong> primera conferencia internacional de Eco-Municipalidades <\/strong>en Helsingborg (Suecia). Entre los participantes se encontraban dos alcaldes representando a Etiop\u00eda. Despu\u00e9s de la conferencia, 6 otros alcaldes et\u00edopes se juntaron al movimiento porque estaban convencidos de que este era una oportunidad para reafirmar su empe\u00f1o en crear un futuro sostenible. As\u00ed se cre\u00f3 la red de Eco-municipalidades et\u00edopes. Desde entonces, seis otras municipalidades et\u00edopes se unieron a esa red, aumentand6 a 14 el n\u00famero total de Eco-municipalidades en Et\u00edopia.<\/p>\n<p>SSA ha progresivamente desarrollado una colaboraci\u00f3n con esta red de comunidades\u00a0et\u00edopes. La cooperaci\u00f3n ha sido ensanchada para incluir autoridades regionales y nacionales y\u00a0varias\u00a0universidades en Etiop\u00eda. Al mismo tiempo nuevos compa\u00f1eros suecos han sido contratados.\u00a0\u00a0Es para facilitar su trabajo com\u00fan as\u00ed como para relacionar a todos esos actores que fue creada SSDE.<\/p>\n<h4 style=\"text-align: justify;\">El proyecto piloto<\/h4>\n<p>El objetivo de SSDE y sus socios es el establecimiento de eco-municipalidades et\u00edopes. Un propuesto de proyecto fue\u00a0presentado al Ministerio et\u00edope para el Desarrollo Urbano y la Construcci\u00f3n, que lo acept\u00f3 e inici\u00f3 un di\u00e1logo sobre el dise\u00f1o detallado del proyecto y su financiamiento.<\/p>\n<p>El proyecto piloto est\u00e1 previsto para durar 5 a\u00f1os, y deber\u00eda empezar en 2017. SSDE ser\u00e1 responsable de desarrollar las capacidades (Capacity Building) en el Programa de Eco-Municipalidades en Etiop\u00eda (Eco-Municipality Program in Ethiopia &#8211; EMPE en ingl\u00e9s). El objetivo es crear un programa de desarrollo com\u00fan sobre el tema del desarrollo de competencias, del &#8220;verdeamiento urbano&#8221;, de la gesti\u00f3n de residuos y del eco-Turismo. Hasta ahora, n\u00fameros viajes fueron conducidos, en Suecia como en Etiop\u00eda, para permitir a cada uno mejor entender los conceptos y desaf\u00edos del desarrollo sostenible y las soluciones que se puede dar a las dificultades encontradas en Etiop\u00eda.\u00a0De hecho, Etiop\u00eda tiene hoy grandes desaf\u00edos: aumento de la poblaci\u00f3n, acceso insuficiente al agua potable, crisis del alojamiento, y servicios de salud insuficientes&#8230;<\/p>\n<table>\n<tbody>\n<tr>\n<td>\u21d2 Lee el cuento del\u00a0<a href=\"http:\/\/www.sustainablesweden.org\/?page_id=1142&amp;lang=es\">Tour de Mayo-Junio\u00a02017 en Suecia<\/a>, en el que particip\u00f3 una delegaci\u00f3n et\u00edope.<\/p>\n<p>\u21d2 Lee el cuento del\u00a0<a href=\"http:\/\/www.sustainablesweden.org\/?page_id=676&amp;lang=es\">Tour de Junio 2016 en Suecia<\/a>, en el que particip\u00f3 una delegaci\u00f3n de la Agencia et\u00edope de protecci\u00f3n medioambiental.<\/p>\n<p>\u21d2 Lee el cuento del\u00a0<a href=\"http:\/\/www.sustainablesweden.org\/?page_id=469&amp;lang=es\">Tour de Junio\u00a02015 en Suecia<\/a>, en el que particip\u00f3 una delegaci\u00f3n et\u00edope.<\/p>\n<p>\u21d2 M\u00e1s informaci\u00f3n sobre la\u00a0<a href=\"http:\/\/www.sustainablesweden.org\/?page_id=469&amp;lang=es\">conferencia<\/a>\u00a0de Enero 2015 a la Universidad de Mekele, Etiop\u00eda.<\/td>\n<\/tr>\n<\/tbody>\n<\/table>\n<p style=\"text-align: justify;\"><em>El equipo detr\u00e1s de SSA (Sustainable Sweden Association) tiene d\u00e9cadas de experiencias en el dominio del desarrollo sostenible, sobre todo gracias a su participaci\u00f3n en compromisos pr\u00e1cticos a trav\u00e9s del mundo con el objetivo de crear un planeta sostenible. De hecho, SSA tiene acceso a una amplia red internacional de Capacity Centers, Eco-municipalidades, redes de empresas, etc.. en el campo del desarrollo sostenible. Con todo esto, y al participar conjuntamente con SEKOM, se obtiene un proceso continuo para crear una plataforma virtual para coordinar estas redes : <a href=\"https:\/\/www.card.coop\/ct\/ecomuna_en\/\"><strong>Ecomuna<\/strong><\/a>.<\/em><\/p>\n<p style=\"text-align: justify;\"><em>Sustainable Sweden Association cree en la unidad y la sinergia, e invita a socios y organizaciones a juntarse a su proyecto para crear comunidades y empresas m\u00e1s sanas !<\/em><\/p>\n<\/div>\n","protected":false},"excerpt":{"rendered":"<p>Visita al sitio web de SSDE\u00a0(en ingl\u00e9s). Estamos orgullosos de anunciar que ha sido creada una nueva organizaci\u00f3n en Etiop\u00eda : Sustainable Sweden Development Ethiopia. \u00bf Qu\u00e9 es ? SSDE es una organizaci\u00f3n-hermana de\u00a0Sustainable Sweden Association\u00a0(SSA).\u00a0Esta\u00a0organizaci\u00f3n, que tiene su sede en Addis Abeba (Etiop\u00eda), tiene como objetivo de coordinar las 14 Eco-municipalidades en Etiop\u00eda y [&hellip;]<\/p>\n","protected":false},"author":1,"featured_media":0,"parent":0,"menu_order":0,"comment_status":"closed","ping_status":"open","template":"","meta":{"_et_pb_use_builder":"","_et_pb_old_content":"","_et_gb_content_width":"","footnotes":""},"_links":{"self":[{"href":"https:\/\/www.sustainablesweden.org\/index.php?rest_route=\/wp\/v2\/pages\/530"}],"collection":[{"href":"https:\/\/www.sustainablesweden.org\/index.php?rest_route=\/wp\/v2\/pages"}],"about":[{"href":"https:\/\/www.sustainablesweden.org\/index.php?rest_route=\/wp\/v2\/types\/page"}],"author":[{"embeddable":true,"href":"https:\/\/www.sustainablesweden.org\/index.php?rest_route=\/wp\/v2\/users\/1"}],"replies":[{"embeddable":true,"href":"https:\/\/www.sustainablesweden.org\/index.php?rest_route=%2Fwp%2Fv2%2Fcomments&post=530"}],"version-history":[{"count":9,"href":"https:\/\/www.sustainablesweden.org\/index.php?rest_route=\/wp\/v2\/pages\/530\/revisions"}],"predecessor-version":[{"id":1588,"href":"https:\/\/www.sustainablesweden.org\/index.php?rest_route=\/wp\/v2\/pages\/530\/revisions\/1588"}],"wp:attachment":[{"href":"https:\/\/www.sustainablesweden.org\/index.php?rest_route=%2Fwp%2Fv2%2Fmedia&parent=530"}],"curies":[{"name":"wp","href":"https:\/\/api.w.org\/{rel}","templated":true}]}}